{"id":313,"date":"2018-02-03T16:11:43","date_gmt":"2018-02-03T15:11:43","guid":{"rendered":"https:\/\/www.thenewbarons.com\/?page_id=313"},"modified":"2024-03-08T15:36:44","modified_gmt":"2024-03-08T14:36:44","slug":"groupe","status":"publish","type":"page","link":"https:\/\/www.thenewbarons.com\/en\/groupe\/","title":{"rendered":"BAND"},"content":{"rendered":"<div id=\"fb-root\"><\/div>\n\n<figure class=\"wp-block-image size-large wp-duotone-unset-1\"><img loading=\"lazy\" decoding=\"async\" width=\"769\" height=\"1024\" src=\"https:\/\/www.thenewbarons.com\/wp-content\/uploads\/2023\/10\/IMG_3648-blue-769x1024.jpg\" alt=\"\" class=\"wp-image-1363\" srcset=\"https:\/\/www.thenewbarons.com\/wp-content\/uploads\/2023\/10\/IMG_3648-blue-769x1024.jpg 769w, https:\/\/www.thenewbarons.com\/wp-content\/uploads\/2023\/10\/IMG_3648-blue-225x300.jpg 225w, https:\/\/www.thenewbarons.com\/wp-content\/uploads\/2023\/10\/IMG_3648-blue-768x1022.jpg 768w, https:\/\/www.thenewbarons.com\/wp-content\/uploads\/2023\/10\/IMG_3648-blue-1154x1536.jpg 1154w, https:\/\/www.thenewbarons.com\/wp-content\/uploads\/2023\/10\/IMG_3648-blue-1538x2048.jpg 1538w, https:\/\/www.thenewbarons.com\/wp-content\/uploads\/2023\/10\/IMG_3648-blue-1200x1598.jpg 1200w, https:\/\/www.thenewbarons.com\/wp-content\/uploads\/2023\/10\/IMG_3648-blue-scaled.jpg 1923w\" sizes=\"auto, (max-width: 769px) 100vw, 769px\" \/><\/figure>\n\n\n\n<p class=\"has-text-align-center\">Fred DEBUT \/ vocal-guitar<br>J\u00e9r\u00f4me EVRARD \/ bass<br>Pierre GRANDJEAN \/ drums<\/p>\n\n\n\n<p>Shoegaze pop-rock from Le Mans<\/p>\n\n\n\n<p>Elev\u00e9s aux groupes anglais et am\u00e9ricains des 90&rsquo;s style Ride, Slowdive, My Bloody Valentine, Smashing Pumpkins etc., les NEW BARONS jouent sans complexe une musique intense et envo\u00fbtante, \u00e0 d\u00e9couvrir aussi sur sc\u00e8ne.<\/p>","protected":false},"excerpt":{"rendered":"<p>Fred DEBUT \/ chant-guitareJ\u00e9r\u00f4me EVRARD \/ bassePierre GRANDJEAN \/ batterie Shoegaze pop-rock from Le Mans Elev\u00e9s aux groupes anglais et am\u00e9ricains des 90&rsquo;s style Ride, Slowdive, My Bloody Valentine, Smashing Pumpkins etc., les NEW BARONS jouent sans complexe une musique intense et envo\u00fbtante, \u00e0 d\u00e9couvrir aussi sur sc\u00e8ne.<\/p>","protected":false},"author":3,"featured_media":0,"parent":0,"menu_order":0,"comment_status":"closed","ping_status":"closed","template":"","meta":{"footnotes":""},"class_list":["post-313","page","type-page","status-publish","hentry"],"aioseo_notices":[],"jetpack_sharing_enabled":true,"_links":{"self":[{"href":"https:\/\/www.thenewbarons.com\/en\/wp-json\/wp\/v2\/pages\/313","targetHints":{"allow":["GET"]}}],"collection":[{"href":"https:\/\/www.thenewbarons.com\/en\/wp-json\/wp\/v2\/pages"}],"about":[{"href":"https:\/\/www.thenewbarons.com\/en\/wp-json\/wp\/v2\/types\/page"}],"author":[{"embeddable":true,"href":"https:\/\/www.thenewbarons.com\/en\/wp-json\/wp\/v2\/users\/3"}],"replies":[{"embeddable":true,"href":"https:\/\/www.thenewbarons.com\/en\/wp-json\/wp\/v2\/comments?post=313"}],"version-history":[{"count":68,"href":"https:\/\/www.thenewbarons.com\/en\/wp-json\/wp\/v2\/pages\/313\/revisions"}],"predecessor-version":[{"id":1580,"href":"https:\/\/www.thenewbarons.com\/en\/wp-json\/wp\/v2\/pages\/313\/revisions\/1580"}],"wp:attachment":[{"href":"https:\/\/www.thenewbarons.com\/en\/wp-json\/wp\/v2\/media?parent=313"}],"curies":[{"name":"wp","href":"https:\/\/api.w.org\/{rel}","templated":true}]}}